{"id":5833,"date":"2020-07-29T01:15:40","date_gmt":"2020-07-29T04:15:40","guid":{"rendered":"https:\/\/assessa.com.br\/?page_id=5833"},"modified":"2026-01-19T02:10:19","modified_gmt":"2026-01-19T05:10:19","slug":"distributors","status":"publish","type":"page","link":"https:\/\/assessa.com.br\/en\/contact\/distributors\/","title":{"rendered":"Distributors"},"content":{"rendered":"[vc_row type=&#8221;in_container&#8221; full_screen_row_position=&#8221;middle&#8221; column_margin=&#8221;default&#8221; column_direction=&#8221;default&#8221; column_direction_tablet=&#8221;default&#8221; column_direction_phone=&#8221;default&#8221; scene_position=&#8221;center&#8221; top_padding=&#8221;35&#8243; text_color=&#8221;dark&#8221; text_align=&#8221;left&#8221; row_border_radius=&#8221;none&#8221; row_border_radius_applies=&#8221;bg&#8221; row_position_desktop=&#8221;default&#8221; row_position_tablet=&#8221;inherit&#8221; row_position_phone=&#8221;inherit&#8221; overflow=&#8221;visible&#8221; overlay_strength=&#8221;0.3&#8243; gradient_direction=&#8221;left_to_right&#8221; shape_divider_position=&#8221;bottom&#8221; bg_image_animation=&#8221;none&#8221; shape_type=&#8221;&#8221;][vc_column column_padding=&#8221;no-extra-padding&#8221; column_padding_tablet=&#8221;inherit&#8221; column_padding_phone=&#8221;inherit&#8221; column_padding_position=&#8221;all&#8221; flex_gap_desktop=&#8221;10px&#8221; column_element_direction_desktop=&#8221;default&#8221; column_element_spacing=&#8221;default&#8221; desktop_text_alignment=&#8221;default&#8221; tablet_text_alignment=&#8221;default&#8221; phone_text_alignment=&#8221;default&#8221; background_color_opacity=&#8221;1&#8243; background_hover_color_opacity=&#8221;1&#8243; column_backdrop_filter=&#8221;none&#8221; column_shadow=&#8221;none&#8221; column_border_radius=&#8221;none&#8221; column_link_target=&#8221;_self&#8221; column_position=&#8221;default&#8221; gradient_direction=&#8221;left_to_right&#8221; overlay_strength=&#8221;0.3&#8243; width=&#8221;1\/1&#8243; tablet_width_inherit=&#8221;default&#8221; animation_type=&#8221;default&#8221; bg_image_animation=&#8221;none&#8221; border_type=&#8221;simple&#8221; column_border_width=&#8221;none&#8221; column_border_style=&#8221;solid&#8221;][vc_column_text]We have an extensive distribution network for our products. For a prompt and efficient service, contact your nearest distributor[\/vc_column_text][\/vc_column][\/vc_row][vc_row type=&#8221;in_container&#8221; full_screen_row_position=&#8221;middle&#8221; column_margin=&#8221;default&#8221; column_direction=&#8221;default&#8221; column_direction_tablet=&#8221;default&#8221; column_direction_phone=&#8221;default&#8221; scene_position=&#8221;center&#8221; text_color=&#8221;dark&#8221; text_align=&#8221;left&#8221; row_border_radius=&#8221;none&#8221; row_border_radius_applies=&#8221;bg&#8221; row_position_desktop=&#8221;default&#8221; row_position_tablet=&#8221;inherit&#8221; row_position_phone=&#8221;inherit&#8221; overflow=&#8221;visible&#8221; overlay_strength=&#8221;0.3&#8243; gradient_direction=&#8221;left_to_right&#8221; shape_divider_position=&#8221;bottom&#8221; bg_image_animation=&#8221;none&#8221;][vc_column column_padding=&#8221;no-extra-padding&#8221; column_padding_tablet=&#8221;inherit&#8221; column_padding_phone=&#8221;inherit&#8221; column_padding_position=&#8221;all&#8221; flex_gap_desktop=&#8221;10px&#8221; column_element_direction_desktop=&#8221;default&#8221; column_element_spacing=&#8221;default&#8221; desktop_text_alignment=&#8221;default&#8221; tablet_text_alignment=&#8221;default&#8221; phone_text_alignment=&#8221;default&#8221; background_color_opacity=&#8221;1&#8243; background_hover_color_opacity=&#8221;1&#8243; column_backdrop_filter=&#8221;none&#8221; column_shadow=&#8221;none&#8221; column_border_radius=&#8221;none&#8221; column_link_target=&#8221;_self&#8221; column_position=&#8221;default&#8221; gradient_direction=&#8221;left_to_right&#8221; overlay_strength=&#8221;0.3&#8243; width=&#8221;1\/3&#8243; tablet_width_inherit=&#8221;default&#8221; animation_type=&#8221;default&#8221; bg_image_animation=&#8221;none&#8221; border_type=&#8221;simple&#8221; column_border_width=&#8221;none&#8221; column_border_style=&#8221;solid&#8221;][vc_column_text css=&#8221;&#8221; text_direction=&#8221;default&#8221;]\n<h2>NORTH AMERICA<\/h2>\n<h4>UNITED STATES\/CANADA<\/h4>\n<p><strong>Rita Corporation<\/strong><br \/>\n850 South Rt. 31<br \/>\nCrystal Lake, IL 60014-0457<br \/>\n<em>Bart Falco<\/em><br \/>\nPhone: 815.337.2500<br \/>\n<a href=\"http:\/\/www.ritacorp.com\" target=\"_blank\" rel=\"noopener noreferrer\">ritacorp.com<\/a><\/p>\n<h4>MEXICO<\/h4>\n<p><strong>Omya M\u00e9xico SA de CV<\/strong><br \/>\nAvenida Pirules S\/N lote D 2 Zona 4 Fraccionamiento San Mart\u00edn Obispo<br \/>\nCP: 54763 Cuautitl\u00e1n Izcalli, Estado de M\u00e9xico, M\u00e9xico<br \/>\nGerardo Llerandi (Sales Manager)<br \/>\nPhone direct: +52 55 8113 6760 x 105<\/p>\n<h2>SOUTH AMERICA<\/h2>\n<h4>COLOMBIA<\/h4>\n<p><strong>COLQUIMICOS<\/strong><br \/>\nCalle 20A No. 43A &#8211; 50 (Oficina Principal)<br \/>\nBogot\u00e1 &#8211; Colombia<br \/>\n<em>Sandra Ortegon<\/em><br \/>\nPhone: (57) 1 277 1411<br \/>\nMobile: (57) 313 887 1534<br \/>\n<a href=\"http:\/\/www.colquimicos.com\/\">colquimicos.com<\/a><\/p>\n<h4>PERU<\/h4>\n<p><strong>Global Ingredients SAC<\/strong><br \/>\nAmerico Vespucio 208 Dpto. 201. La Molina.<br \/>\nLima, Peru 15012<br \/>\nContact: <em>Atilio Vasquez\/Cecilia Poveda<\/em><br \/>\n<a href=\"http:\/\/www.globalingredients.pe\/\" target=\"_blank\" rel=\"noopener\">globalingredients.pe<\/a>[\/vc_column_text][\/vc_column][vc_column column_padding=&#8221;no-extra-padding&#8221; column_padding_tablet=&#8221;inherit&#8221; column_padding_phone=&#8221;inherit&#8221; column_padding_position=&#8221;all&#8221; flex_gap_desktop=&#8221;10px&#8221; column_element_direction_desktop=&#8221;default&#8221; column_element_spacing=&#8221;default&#8221; desktop_text_alignment=&#8221;default&#8221; tablet_text_alignment=&#8221;default&#8221; phone_text_alignment=&#8221;default&#8221; background_color_opacity=&#8221;1&#8243; background_hover_color_opacity=&#8221;1&#8243; column_backdrop_filter=&#8221;none&#8221; column_shadow=&#8221;none&#8221; column_border_radius=&#8221;none&#8221; column_link_target=&#8221;_self&#8221; column_position=&#8221;default&#8221; gradient_direction=&#8221;left_to_right&#8221; overlay_strength=&#8221;0.3&#8243; width=&#8221;1\/3&#8243; tablet_width_inherit=&#8221;default&#8221; animation_type=&#8221;default&#8221; bg_image_animation=&#8221;none&#8221; border_type=&#8221;simple&#8221; column_border_width=&#8221;none&#8221; column_border_style=&#8221;solid&#8221;][vc_column_text css=&#8221;&#8221; text_direction=&#8221;default&#8221;]\n<h2>AFRICA<\/h2>\n<h4>SOUTH AFRICA<\/h4>\n<p><strong>Cosmetic Ingredients<\/strong><br \/>\nUnit B5, Network Complex<br \/>\n184 Edison Crescent<br \/>\nHennopspark x7<br \/>\nCenturion<br \/>\nGauteng<br \/>\nSouth Africa<br \/>\n<em>Shani Vermeulen<\/em><br \/>\nPhone: 012 653 3376<br \/>\nFax: 012 653 4431<br \/>\n<a href=\"http:\/\/cosmetic-ingredients.co.za\" target=\"_blank\" rel=\"noopener noreferrer\">cosmetic-ingredients.co.za<\/a><\/p>\n<h2>ASIA-PACIFIC<\/h2>\n<h4>CHINA<\/h4>\n<p><strong>DKSH China<\/strong><br \/>\n21\/F Tomson International Commercial Building \/ \u6c64\u81e3\u91d1\u878d\u5927\u53a621\u697c<br \/>\n710 Dong Fang Road, Pudong new district, Shanghai 200122 \/ \u4e0a\u6d77\u6d66\u4e1c\u65b0\u533a\u4e1c\u65b9\u8def710\u53f7\uff0c\u90ae\u7f16200122<br \/>\nLavender Xia \/ \u590f\u5f66\u8d85<br \/>\nBusiness Line Director \/ \u90e8\u95e8\u603b\u76d1<br \/>\n+86 21 5830 4189<br \/>\n<a href=\"https:\/\/www.dksh.com\/us-en\/home\" target=\"_blank\" rel=\"noopener\">dksh.com<\/a><\/p>\n<h4>INDIA<\/h4>\n<p><strong>Laars Techage LLP<\/strong><br \/>\n285, DDA SFS<br \/>\nPocket-01, Sector-09<br \/>\nDwarka, New Delhi-77<br \/>\nPIN-110077, India<br \/>\n<em>Suvendu Sekhar Satapathy<\/em><br \/>\nMobile: +91 99 1002 7237<br \/>\n<a href=\"https:\/\/www.laarstechage.com\/\" target=\"_blank\" rel=\"noopener noreferrer\">laarstechage.com<\/a><\/p>\n<h4>INDONESIA<\/h4>\n<p><strong>DKSH Indonesia<\/strong><br \/>\nPT DKSH Indonesia<br \/>\nAIA Central 39th floor. Jalan Jenderal Sudirman Kavling 48A.<br \/>\n12930 Jakarta, Indonesia<br \/>\n<em>Victor Dio Gunawan<\/em><br \/>\nPhone: +62 21 2988 8557<br \/>\n<a href=\"http:\/\/www.dksh.com\" target=\"_blank\" rel=\"noopener noreferrer\">dksh.com<\/a><\/p>\n<h4>JAPAN<\/h4>\n<p><strong>DKSH JAP\u00c3O<br \/>\n<\/strong>3-4-19, Mita, Minato-ku, Tokyo 108-8360, Japan<br \/>\nTel. +81 70 3889 5842,<br \/>\nPerformance Materials, Personal Care Industry<br \/>\nMegumi Nakahara<br \/>\n<a href=\"&#109;&#97;i&#108;to:meg&#117;&#109;i&#46;nak&#97;ha&#114;a&#64;dk&#115;&#104;&#46;c&#111;&#109;\">me&#103;&#117;m&#105;&#46;&#110;&#97;kahara&#64;&#100;&#107;&#115;&#104;&#46;&#99;&#111;&#109;<\/a>\n<a href=\"https:\/\/www.dksh.com\/jp-jp\/home\" target=\"_blank\" rel=\"noopener\">dksh.com<\/a><\/p>\n<h4>MALAYSIA AND SINGAPORE<\/h4>\n<p><strong>DKSH Malaysia<\/strong><br \/>\nJalan University \u2013 Petaling Jaya<br \/>\n46700 Petaling Jaya, Malaysia<br \/>\n<em>Chi Wan Hoh<\/em><br \/>\nLocal Business Line Manager, Technical Sales, Performance Materials<br \/>\nPhone: +60 3 7882 6212<br \/>\n<a href=\"http:\/\/www.dksh.com\" target=\"_blank\" rel=\"noopener noreferrer\">dksh.com<\/a><\/p>\n<h4>PHILIPPINES<\/h4>\n<p><strong>DKSH Philippines<\/strong><br \/>\n2nd Floor, The Athenaeum Building, 160 LP Leviste St., Salcedo Village, 1227 Makati City, Philippines<br \/>\n<em>Gladys Conopio<\/em><br \/>\nBusiness Manager<br \/>\nPhone: +63 2 553 4821<br \/>\n<a href=\"http:\/\/www.dksh.com\" target=\"_blank\" rel=\"noopener noreferrer\">dksh.com<\/a><\/p>\n<h4>TAIWAN<\/h4>\n<p><strong>DKSH Taiwan Ltd.<\/strong><br \/>\n\u53f0\u7063\u5927\u660c\u83ef\u5609\u80a1\u4efd\u6709\u9650\u516c\u53f8<br \/>\n10F, No. 22 Lane 407, Ti-Ding Blvd., Section 2,<br \/>\nNeihu Tecnology Park, Taipei 114, Taiwan, R.O.C.<br \/>\n\u53f0\u5317\u5e02\u5167\u6e56\u5340\u5824\u9802\u5927\u9053\u4e8c\u6bb5407\u5df722\u865f10\u6a13<br \/>\n<em>Natalie Chang <\/em>\u5f35\u7b71\u840d<br \/>\nSenior Manager \/ Local Bussiness Line Management \u90e8\u9580\u7d93\u7406<br \/>\nPhone: +886 2 8752 7740<\/p>\n<h4>THAILAND<\/h4>\n<p><strong>DKSH Thailand<\/strong><br \/>\n2533 Sukhumvit Road, Bangchak, Prakhanong<br \/>\n10260 Bangkok<br \/>\nThailand<br \/>\n<em>Mr. Teera Teerawechawong<br \/>\n<\/em>Senior Product Manager<br \/>\nPhone: +66 2 790 4000<br \/>\n<a href=\"http:\/\/www.dksh.com\" target=\"_blank\" rel=\"noopener\">dksh.com<\/a><\/p>\n<h4>VIETNAM<\/h4>\n<p><strong>DKSH Vietnam<\/strong><br \/>\n1st, 2nd Floor, Etown 2, 364 Cong Hoa Str., Tan Binh Dist., 70000 Ho Chi Minh, Vietnam<br \/>\n<em>Vo The Au<\/em><br \/>\nSales Manager<br \/>\nPhone: +84 8 3812 5848<br \/>\n<a href=\"http:\/\/www.dksh.com\" target=\"_blank\" rel=\"noopener noreferrer\">dksh.com<\/a>[\/vc_column_text][\/vc_column][vc_column column_padding=&#8221;no-extra-padding&#8221; column_padding_tablet=&#8221;inherit&#8221; column_padding_phone=&#8221;inherit&#8221; column_padding_position=&#8221;all&#8221; flex_gap_desktop=&#8221;10px&#8221; column_element_direction_desktop=&#8221;default&#8221; column_element_spacing=&#8221;default&#8221; desktop_text_alignment=&#8221;default&#8221; tablet_text_alignment=&#8221;default&#8221; phone_text_alignment=&#8221;default&#8221; background_color_opacity=&#8221;1&#8243; background_hover_color_opacity=&#8221;1&#8243; column_backdrop_filter=&#8221;none&#8221; column_shadow=&#8221;none&#8221; column_border_radius=&#8221;none&#8221; column_link_target=&#8221;_self&#8221; column_position=&#8221;default&#8221; gradient_direction=&#8221;left_to_right&#8221; overlay_strength=&#8221;0.3&#8243; width=&#8221;1\/3&#8243; tablet_width_inherit=&#8221;default&#8221; animation_type=&#8221;default&#8221; bg_image_animation=&#8221;none&#8221; border_type=&#8221;simple&#8221; column_border_width=&#8221;none&#8221; column_border_style=&#8221;solid&#8221;][vc_column_text css=&#8221;&#8221; text_direction=&#8221;default&#8221;]\n<h2>EUROPE<\/h2>\n<h4>FRANCE<\/h4>\n<p><strong>LAVOLL\u00c9E<\/strong><br \/>\nLavoll\u00e9e SA | 9, rue Louis Rouquier | F-92300 Levallois-Paris<br \/>\n<em>Pia Quincy<br \/>\n<\/em>Responsable Commercial<br \/>\nPhone: +33\u00a0(0)1\u00a04639\u00a08888<br \/>\n<a href=\"https:\/\/www.lavollee.com\/\" target=\"_blank\" rel=\"noopener\">lavollee.com<\/a><\/p>\n<h4>GERMANY, AUSTRIA, SWITZERLAND, AND BENELUX<\/h4>\n<p><strong>Permcos GmbH<\/strong><br \/>\nRosenstra\u00dfe 2<br \/>\n3800 Interlaken<br \/>\nSwitzerland<br \/>\nDavid Eggler<br \/>\nPhone:\u00a0+41 33 827 02 80<br \/>\n<a href=\"https:\/\/www.permcos.com\/\" target=\"_blank\" rel=\"noopener\">permcos.com<\/a><\/p>\n<h4>GREECE, SCANDINAVIA, CZECH REPUBLIC<\/h4>\n<p><strong>ASSESSA EUROPE<\/strong><br \/>\n<em>Marina Jardim<\/em><br \/>\nCommercial Manager Europe<br \/>\nPhone: +31 6 2435 9580<br \/>\n<a href=\"https:\/\/www.assessa.com.br\/en\/\" target=\"_blank\" rel=\"noopener noreferrer\">assessa.com.br<\/a><\/p>\n<h4>ITALY<\/h4>\n<p><strong>URAI S.P.A.<\/strong><br \/>\nVia G. Donizetti 12\/14 &#8211; 20057 Assago (MI) Italia<br \/>\n<em>Gabriele Baratti<\/em><br \/>\nPhone: +39 0 2892 3991<br \/>\n<a href=\"https:\/\/www.urai.it\/\" target=\"_blank\" rel=\"noopener\">urai.it<\/a><\/p>\n<h4>POLAND<\/h4>\n<p><strong>Surfachem Ltd<\/strong><br \/>\nEquator II<br \/>\nAl. Jerozolimskie 128<br \/>\n00-813 Warszawa<br \/>\n<em>Aleksandra Rochowicz<\/em><br \/>\nPhone: +48 730 617 801<br \/>\n<a href=\"http:\/\/www.surfachem.pl\" target=\"_blank\" rel=\"noopener noreferrer\">surfachem.pl<\/a><\/p>\n<h4>PORTUGAL, SPAIN<\/h4>\n<p><strong>ESCUDER<\/strong><br \/>\nAv. Antoni Gaud\u00ed, 60<br \/>\n08191, Rub\u00ed<br \/>\nBarcelona &#8211; Espanha<br \/>\n+34 935873600 (Office)<br \/>\n<a href=\"m&#97;&#105;lto:i&#110;fo&#64;e&#115;c&#117;d&#101;&#114;.&#101;&#99;o\">&#105;&#110;f&#111;&#64;escude&#114;&#46;e&#99;o<\/a>\n<a href=\"https:\/\/escuder.eco\/es\/\" target=\"_blank\" rel=\"noopener\">escuder.eco\/es\/<\/a><\/p>\n<p>For direct customer request:<br \/>\nPatr\u00edcia Espuig<br \/>\n+34 687 84 22 90<\/p>\n<h4>TURKEY<\/h4>\n<p><strong>Arerko Kimya Sanayi Ve Ticaret A.\u015e.<\/strong><br \/>\nIcerenkoy Mahallesi, Kayisdagi Cd. No:70 D:6 Atasehir \/ Istanbul<br \/>\n<em>Oguzhan Budak<\/em><br \/>\nPhone: +90\u00a0(216)\u00a0572\u00a000\u00a066<br \/>\n<a href=\"https:\/\/www.arerko.com\/\" target=\"_blank\" rel=\"noopener\">arerko.com<\/a><\/p>\n<h4>UNITED KINGDOM<\/h4>\n<p><strong>Lake Chemicals and Minerals<\/strong><br \/>\n3 Moons Park, Burnt Meadow Road, North Moons Moat, Redditch, B98 9PA<br \/>\n+44 7539 359 661<br \/>\n<em>Hannah Wagland<\/em><br \/>\n<a href=\"http:\/\/www.lakecm.co.uk\/\" target=\"_blank\" rel=\"noopener noreferrer\">www.lakecm.co.uk<\/a><\/p>\n<h2>OCEANIA<\/h2>\n<h4>AUSTRALIA<\/h4>\n<p><strong>Azelis Australia<br \/>\n<\/strong>Suite 217, 117 Old Pittwater Road, Brookvale, NSW 2100, Australia<br \/>\n<em>Kim Newham<\/em><br \/>\nBusiness Unit Manager<br \/>\nPhone: +61 2 8801 8145<br \/>\n<a href=\"http:\/\/www.azelis.com\" target=\"_blank\" rel=\"noopener noreferrer\">azelis.com<\/a><\/p>\n<h4>NEW ZEALAND<\/h4>\n<p><strong>Azelis New Zealand<\/strong><br \/>\n24-26 Poland Road Wairau Valley North Shore 0627 New Zealand<br \/>\n<em>Tulaki Tuinukuafe<\/em><br \/>\nBusiness Unit Manager<br \/>\nPhone: +64 9 4444650 (ext 744)<br \/>\n<a href=\"http:\/\/www.azelis.com\" target=\"_blank\" rel=\"noopener noreferrer\">azelis.com<\/a>[\/vc_column_text][\/vc_column][\/vc_row]\n","protected":false},"excerpt":{"rendered":"<p>[vc_row type=&#8221;in_container&#8221; full_screen_row_position=&#8221;middle&#8221; column_margin=&#8221;default&#8221; column_direction=&#8221;default&#8221; column_direction_tablet=&#8221;default&#8221; column_direction_phone=&#8221;default&#8221; scene_position=&#8221;center&#8221; top_padding=&#8221;35&#8243; text_color=&#8221;dark&#8221; text_align=&#8221;left&#8221; row_border_radius=&#8221;none&#8221; row_border_radius_applies=&#8221;bg&#8221; row_position_desktop=&#8221;default&#8221; row_position_tablet=&#8221;inherit&#8221; row_position_phone=&#8221;inherit&#8221; overflow=&#8221;visible&#8221; overlay_strength=&#8221;0.3&#8243; gradient_direction=&#8221;left_to_right&#8221; shape_divider_position=&#8221;bottom&#8221; bg_image_animation=&#8221;none&#8221; shape_type=&#8221;&#8221;][vc_column column_padding=&#8221;no-extra-padding&#8221; column_padding_tablet=&#8221;inherit&#8221; column_padding_phone=&#8221;inherit&#8221; column_padding_position=&#8221;all&#8221; flex_gap_desktop=&#8221;10px&#8221; column_element_direction_desktop=&#8221;default&#8221; column_element_spacing=&#8221;default&#8221; desktop_text_alignment=&#8221;default&#8221;&#8230;<\/p>\n","protected":false},"author":1,"featured_media":0,"parent":393,"menu_order":0,"comment_status":"closed","ping_status":"closed","template":"","meta":{"_monsterinsights_skip_tracking":false,"_monsterinsights_sitenote_active":false,"_monsterinsights_sitenote_note":"","_monsterinsights_sitenote_category":0,"footnotes":""},"class_list":["post-5833","page","type-page","status-publish"],"yoast_head":"<!-- This site is optimized with the Yoast SEO plugin v27.4 - https:\/\/yoast.com\/product\/yoast-seo-wordpress\/ -->\n<title>Distributors - Assessa<\/title>\n<meta name=\"robots\" content=\"index, follow, max-snippet:-1, max-image-preview:large, max-video-preview:-1\" \/>\n<link rel=\"canonical\" href=\"https:\/\/assessa.com.br\/en\/contact\/distributors\/\" \/>\n<meta property=\"og:locale\" content=\"en_US\" \/>\n<meta property=\"og:type\" content=\"article\" \/>\n<meta property=\"og:title\" content=\"Distributors - Assessa\" \/>\n<meta property=\"og:description\" content=\"[vc_row type=&#8221;in_container&#8221; full_screen_row_position=&#8221;middle&#8221; column_margin=&#8221;default&#8221; column_direction=&#8221;default&#8221; column_direction_tablet=&#8221;default&#8221; column_direction_phone=&#8221;default&#8221; scene_position=&#8221;center&#8221; top_padding=&#8221;35&#8243; text_color=&#8221;dark&#8221; text_align=&#8221;left&#8221; row_border_radius=&#8221;none&#8221; row_border_radius_applies=&#8221;bg&#8221; row_position_desktop=&#8221;default&#8221; row_position_tablet=&#8221;inherit&#8221; row_position_phone=&#8221;inherit&#8221; overflow=&#8221;visible&#8221; overlay_strength=&#8221;0.3&#8243; gradient_direction=&#8221;left_to_right&#8221; shape_divider_position=&#8221;bottom&#8221; bg_image_animation=&#8221;none&#8221; shape_type=&#8221;&#8221;][vc_column column_padding=&#8221;no-extra-padding&#8221; column_padding_tablet=&#8221;inherit&#8221; column_padding_phone=&#8221;inherit&#8221; column_padding_position=&#8221;all&#8221; flex_gap_desktop=&#8221;10px&#8221; column_element_direction_desktop=&#8221;default&#8221; column_element_spacing=&#8221;default&#8221; desktop_text_alignment=&#8221;default&#8221;...\" \/>\n<meta property=\"og:url\" content=\"https:\/\/assessa.com.br\/en\/contact\/distributors\/\" \/>\n<meta property=\"og:site_name\" content=\"Assessa\" \/>\n<meta property=\"article:modified_time\" content=\"2026-01-19T05:10:19+00:00\" \/>\n<meta name=\"twitter:label1\" content=\"Est. reading time\" \/>\n\t<meta name=\"twitter:data1\" content=\"4 minutes\" \/>\n<script type=\"application\/ld+json\" class=\"yoast-schema-graph\">{\"@context\":\"https:\\\/\\\/schema.org\",\"@graph\":[{\"@type\":\"WebPage\",\"@id\":\"https:\\\/\\\/assessa.com.br\\\/en\\\/contact\\\/distributors\\\/\",\"url\":\"https:\\\/\\\/assessa.com.br\\\/en\\\/contact\\\/distributors\\\/\",\"name\":\"Distributors - Assessa\",\"isPartOf\":{\"@id\":\"https:\\\/\\\/assessa.com.br\\\/#website\"},\"datePublished\":\"2020-07-29T04:15:40+00:00\",\"dateModified\":\"2026-01-19T05:10:19+00:00\",\"breadcrumb\":{\"@id\":\"https:\\\/\\\/assessa.com.br\\\/en\\\/contact\\\/distributors\\\/#breadcrumb\"},\"inLanguage\":\"en-US\",\"potentialAction\":[{\"@type\":\"ReadAction\",\"target\":[\"https:\\\/\\\/assessa.com.br\\\/en\\\/contact\\\/distributors\\\/\"]}]},{\"@type\":\"BreadcrumbList\",\"@id\":\"https:\\\/\\\/assessa.com.br\\\/en\\\/contact\\\/distributors\\\/#breadcrumb\",\"itemListElement\":[{\"@type\":\"ListItem\",\"position\":1,\"name\":\"Contact us\",\"item\":\"https:\\\/\\\/assessa.com.br\\\/en\\\/contact\\\/\"},{\"@type\":\"ListItem\",\"position\":2,\"name\":\"Distributors\"}]},{\"@type\":\"WebSite\",\"@id\":\"https:\\\/\\\/assessa.com.br\\\/#website\",\"url\":\"https:\\\/\\\/assessa.com.br\\\/\",\"name\":\"Assessa\",\"description\":\"BRAZILIAN COMPANY specialized in the development and production of highly effective bioactive ingredients for the cosmetic industry.\",\"potentialAction\":[{\"@type\":\"SearchAction\",\"target\":{\"@type\":\"EntryPoint\",\"urlTemplate\":\"https:\\\/\\\/assessa.com.br\\\/?s={search_term_string}\"},\"query-input\":{\"@type\":\"PropertyValueSpecification\",\"valueRequired\":true,\"valueName\":\"search_term_string\"}}],\"inLanguage\":\"en-US\"}]}<\/script>\n<!-- \/ Yoast SEO plugin. -->","yoast_head_json":{"title":"Distributors - Assessa","robots":{"index":"index","follow":"follow","max-snippet":"max-snippet:-1","max-image-preview":"max-image-preview:large","max-video-preview":"max-video-preview:-1"},"canonical":"https:\/\/assessa.com.br\/en\/contact\/distributors\/","og_locale":"en_US","og_type":"article","og_title":"Distributors - Assessa","og_description":"[vc_row type=&#8221;in_container&#8221; full_screen_row_position=&#8221;middle&#8221; column_margin=&#8221;default&#8221; column_direction=&#8221;default&#8221; column_direction_tablet=&#8221;default&#8221; column_direction_phone=&#8221;default&#8221; scene_position=&#8221;center&#8221; top_padding=&#8221;35&#8243; text_color=&#8221;dark&#8221; text_align=&#8221;left&#8221; row_border_radius=&#8221;none&#8221; row_border_radius_applies=&#8221;bg&#8221; row_position_desktop=&#8221;default&#8221; row_position_tablet=&#8221;inherit&#8221; row_position_phone=&#8221;inherit&#8221; overflow=&#8221;visible&#8221; overlay_strength=&#8221;0.3&#8243; gradient_direction=&#8221;left_to_right&#8221; shape_divider_position=&#8221;bottom&#8221; bg_image_animation=&#8221;none&#8221; shape_type=&#8221;&#8221;][vc_column column_padding=&#8221;no-extra-padding&#8221; column_padding_tablet=&#8221;inherit&#8221; column_padding_phone=&#8221;inherit&#8221; column_padding_position=&#8221;all&#8221; flex_gap_desktop=&#8221;10px&#8221; column_element_direction_desktop=&#8221;default&#8221; column_element_spacing=&#8221;default&#8221; desktop_text_alignment=&#8221;default&#8221;...","og_url":"https:\/\/assessa.com.br\/en\/contact\/distributors\/","og_site_name":"Assessa","article_modified_time":"2026-01-19T05:10:19+00:00","twitter_misc":{"Est. reading time":"4 minutes"},"schema":{"@context":"https:\/\/schema.org","@graph":[{"@type":"WebPage","@id":"https:\/\/assessa.com.br\/en\/contact\/distributors\/","url":"https:\/\/assessa.com.br\/en\/contact\/distributors\/","name":"Distributors - Assessa","isPartOf":{"@id":"https:\/\/assessa.com.br\/#website"},"datePublished":"2020-07-29T04:15:40+00:00","dateModified":"2026-01-19T05:10:19+00:00","breadcrumb":{"@id":"https:\/\/assessa.com.br\/en\/contact\/distributors\/#breadcrumb"},"inLanguage":"en-US","potentialAction":[{"@type":"ReadAction","target":["https:\/\/assessa.com.br\/en\/contact\/distributors\/"]}]},{"@type":"BreadcrumbList","@id":"https:\/\/assessa.com.br\/en\/contact\/distributors\/#breadcrumb","itemListElement":[{"@type":"ListItem","position":1,"name":"Contact us","item":"https:\/\/assessa.com.br\/en\/contact\/"},{"@type":"ListItem","position":2,"name":"Distributors"}]},{"@type":"WebSite","@id":"https:\/\/assessa.com.br\/#website","url":"https:\/\/assessa.com.br\/","name":"Assessa","description":"BRAZILIAN COMPANY specialized in the development and production of highly effective bioactive ingredients for the cosmetic industry.","potentialAction":[{"@type":"SearchAction","target":{"@type":"EntryPoint","urlTemplate":"https:\/\/assessa.com.br\/?s={search_term_string}"},"query-input":{"@type":"PropertyValueSpecification","valueRequired":true,"valueName":"search_term_string"}}],"inLanguage":"en-US"}]}},"_links":{"self":[{"href":"https:\/\/assessa.com.br\/en\/wp-json\/wp\/v2\/pages\/5833","targetHints":{"allow":["GET"]}}],"collection":[{"href":"https:\/\/assessa.com.br\/en\/wp-json\/wp\/v2\/pages"}],"about":[{"href":"https:\/\/assessa.com.br\/en\/wp-json\/wp\/v2\/types\/page"}],"author":[{"embeddable":true,"href":"https:\/\/assessa.com.br\/en\/wp-json\/wp\/v2\/users\/1"}],"replies":[{"embeddable":true,"href":"https:\/\/assessa.com.br\/en\/wp-json\/wp\/v2\/comments?post=5833"}],"version-history":[{"count":33,"href":"https:\/\/assessa.com.br\/en\/wp-json\/wp\/v2\/pages\/5833\/revisions"}],"predecessor-version":[{"id":12801,"href":"https:\/\/assessa.com.br\/en\/wp-json\/wp\/v2\/pages\/5833\/revisions\/12801"}],"up":[{"embeddable":true,"href":"https:\/\/assessa.com.br\/en\/wp-json\/wp\/v2\/pages\/393"}],"wp:attachment":[{"href":"https:\/\/assessa.com.br\/en\/wp-json\/wp\/v2\/media?parent=5833"}],"curies":[{"name":"wp","href":"https:\/\/api.w.org\/{rel}","templated":true}]}}